{"id":4725,"date":"2024-06-27T14:10:22","date_gmt":"2024-06-27T11:10:22","guid":{"rendered":"https:\/\/www.wbg.ee\/?post_type=product&#038;p=4725"},"modified":"2024-06-28T11:14:59","modified_gmt":"2024-06-28T08:14:59","slug":"junior-green-fee-18-holes","status":"publish","type":"product","link":"https:\/\/www.wbg.ee\/en\/product\/junior-green-fee-18-holes\/","title":{"rendered":"Junior Green Fee 18 holes"},"content":{"rendered":"\n<p>The Green Fee voucher is valid for 2024 season.<\/p>\n","protected":false},"excerpt":{"rendered":"<p>The Green Fee voucher is valid for 2024 season.<\/p>\n","protected":false},"featured_media":4632,"menu_order":2,"template":"","format":"standard","meta":{"_acf_changed":false,"inline_featured_image":false,"_uag_custom_page_level_css":""},"categories":[18],"class_list":["post-4725","product","type-product","status-publish","format-standard","has-post-thumbnail","hentry","category-green-fees"],"acf":[],"yoast_head":"<!-- This site is optimized with the Yoast SEO plugin v26.5 - https:\/\/yoast.com\/wordpress\/plugins\/seo\/ -->\n<title>Junior Green Fee 18 holes - White Beach Golf<\/title>\n<meta name=\"description\" content=\"Vali endale WBG Green Fee-dest meelep\u00e4raseim ning tule veeda m\u00f5nus p\u00e4ev meie v\u00e4ljakul, sest parim tunne on olla m\u00e4ngus! K\u00f5ikidele, kes soovivad P\u00e4rnusse pikemaks peatuma tulla pakume Green Fee pakette koos majutusega.\" \/>\n<meta name=\"robots\" content=\"index, follow, max-snippet:-1, max-image-preview:large, max-video-preview:-1\" \/>\n<link rel=\"canonical\" href=\"https:\/\/www.wbg.ee\/en\/product\/junior-green-fee-18-holes\/\" \/>\n<meta property=\"og:locale\" content=\"en_US\" \/>\n<meta property=\"og:type\" content=\"article\" \/>\n<meta property=\"og:title\" content=\"Junior Green Fee 18 holes - White Beach Golf\" \/>\n<meta property=\"og:description\" content=\"Vali endale WBG Green Fee-dest meelep\u00e4raseim ning tule veeda m\u00f5nus p\u00e4ev meie v\u00e4ljakul, sest parim tunne on olla m\u00e4ngus! K\u00f5ikidele, kes soovivad P\u00e4rnusse pikemaks peatuma tulla pakume Green Fee pakette koos majutusega.\" \/>\n<meta property=\"og:url\" content=\"https:\/\/www.wbg.ee\/en\/product\/junior-green-fee-18-holes\/\" \/>\n<meta property=\"og:site_name\" content=\"White Beach Golf\" \/>\n<meta property=\"article:modified_time\" content=\"2024-06-28T08:14:59+00:00\" \/>\n<meta property=\"og:image\" content=\"https:\/\/www.wbg.ee\/wp-content\/uploads\/2024\/05\/valgeranna_51498997876_o-scaled.jpg\" \/>\n\t<meta property=\"og:image:width\" content=\"2560\" \/>\n\t<meta property=\"og:image:height\" content=\"1438\" \/>\n\t<meta property=\"og:image:type\" content=\"image\/jpeg\" \/>\n<meta name=\"twitter:card\" content=\"summary_large_image\" \/>\n<meta name=\"twitter:label1\" content=\"Est. reading time\" \/>\n\t<meta name=\"twitter:data1\" content=\"1 minute\" \/>\n<script type=\"application\/ld+json\" class=\"yoast-schema-graph\">{\"@context\":\"https:\/\/schema.org\",\"@graph\":[{\"@type\":\"WebPage\",\"@id\":\"https:\/\/www.wbg.ee\/en\/product\/junior-green-fee-18-holes\/\",\"url\":\"https:\/\/www.wbg.ee\/en\/product\/junior-green-fee-18-holes\/\",\"name\":\"Junior Green Fee 18 holes - White Beach Golf\",\"isPartOf\":{\"@id\":\"https:\/\/www.wbg.ee\/#website\"},\"primaryImageOfPage\":{\"@id\":\"https:\/\/www.wbg.ee\/en\/product\/junior-green-fee-18-holes\/#primaryimage\"},\"image\":{\"@id\":\"https:\/\/www.wbg.ee\/en\/product\/junior-green-fee-18-holes\/#primaryimage\"},\"thumbnailUrl\":\"https:\/\/www.wbg.ee\/wp-content\/uploads\/2024\/05\/valgeranna_51498997876_o-scaled.jpg\",\"datePublished\":\"2024-06-27T11:10:22+00:00\",\"dateModified\":\"2024-06-28T08:14:59+00:00\",\"description\":\"Vali endale WBG Green Fee-dest meelep\u00e4raseim ning tule veeda m\u00f5nus p\u00e4ev meie v\u00e4ljakul, sest parim tunne on olla m\u00e4ngus! K\u00f5ikidele, kes soovivad P\u00e4rnusse pikemaks peatuma tulla pakume Green Fee pakette koos majutusega.\",\"breadcrumb\":{\"@id\":\"https:\/\/www.wbg.ee\/en\/product\/junior-green-fee-18-holes\/#breadcrumb\"},\"inLanguage\":\"en-US\",\"potentialAction\":[{\"@type\":\"ReadAction\",\"target\":[\"https:\/\/www.wbg.ee\/en\/product\/junior-green-fee-18-holes\/\"]}]},{\"@type\":\"ImageObject\",\"inLanguage\":\"en-US\",\"@id\":\"https:\/\/www.wbg.ee\/en\/product\/junior-green-fee-18-holes\/#primaryimage\",\"url\":\"https:\/\/www.wbg.ee\/wp-content\/uploads\/2024\/05\/valgeranna_51498997876_o-scaled.jpg\",\"contentUrl\":\"https:\/\/www.wbg.ee\/wp-content\/uploads\/2024\/05\/valgeranna_51498997876_o-scaled.jpg\",\"width\":2560,\"height\":1438},{\"@type\":\"BreadcrumbList\",\"@id\":\"https:\/\/www.wbg.ee\/en\/product\/junior-green-fee-18-holes\/#breadcrumb\",\"itemListElement\":[{\"@type\":\"ListItem\",\"position\":1,\"name\":\"Home\",\"item\":\"https:\/\/www.wbg.ee\/en\/\"},{\"@type\":\"ListItem\",\"position\":2,\"name\":\"Products\",\"item\":\"https:\/\/www.wbg.ee\/product\/\"},{\"@type\":\"ListItem\",\"position\":3,\"name\":\"Junior Green Fee 18 holes\"}]},{\"@type\":\"WebSite\",\"@id\":\"https:\/\/www.wbg.ee\/#website\",\"url\":\"https:\/\/www.wbg.ee\/\",\"name\":\"White Beach Golf\",\"description\":\"Parim tunne on olla m\u00e4ngus\",\"publisher\":{\"@id\":\"https:\/\/www.wbg.ee\/#organization\"},\"potentialAction\":[{\"@type\":\"SearchAction\",\"target\":{\"@type\":\"EntryPoint\",\"urlTemplate\":\"https:\/\/www.wbg.ee\/?s={search_term_string}\"},\"query-input\":{\"@type\":\"PropertyValueSpecification\",\"valueRequired\":true,\"valueName\":\"search_term_string\"}}],\"inLanguage\":\"en-US\"},{\"@type\":\"Organization\",\"@id\":\"https:\/\/www.wbg.ee\/#organization\",\"name\":\"White Beach Golf\",\"url\":\"https:\/\/www.wbg.ee\/\",\"logo\":{\"@type\":\"ImageObject\",\"inLanguage\":\"en-US\",\"@id\":\"https:\/\/www.wbg.ee\/#\/schema\/logo\/image\/\",\"url\":\"https:\/\/www.wbg.ee\/wp-content\/uploads\/2022\/02\/logo.png\",\"contentUrl\":\"https:\/\/www.wbg.ee\/wp-content\/uploads\/2022\/02\/logo.png\",\"width\":882,\"height\":154,\"caption\":\"White Beach Golf\"},\"image\":{\"@id\":\"https:\/\/www.wbg.ee\/#\/schema\/logo\/image\/\"}}]}<\/script>\n<!-- \/ Yoast SEO plugin. -->","yoast_head_json":{"title":"Junior Green Fee 18 holes - White Beach Golf","description":"Vali endale WBG Green Fee-dest meelep\u00e4raseim ning tule veeda m\u00f5nus p\u00e4ev meie v\u00e4ljakul, sest parim tunne on olla m\u00e4ngus! K\u00f5ikidele, kes soovivad P\u00e4rnusse pikemaks peatuma tulla pakume Green Fee pakette koos majutusega.","robots":{"index":"index","follow":"follow","max-snippet":"max-snippet:-1","max-image-preview":"max-image-preview:large","max-video-preview":"max-video-preview:-1"},"canonical":"https:\/\/www.wbg.ee\/en\/product\/junior-green-fee-18-holes\/","og_locale":"en_US","og_type":"article","og_title":"Junior Green Fee 18 holes - White Beach Golf","og_description":"Vali endale WBG Green Fee-dest meelep\u00e4raseim ning tule veeda m\u00f5nus p\u00e4ev meie v\u00e4ljakul, sest parim tunne on olla m\u00e4ngus! K\u00f5ikidele, kes soovivad P\u00e4rnusse pikemaks peatuma tulla pakume Green Fee pakette koos majutusega.","og_url":"https:\/\/www.wbg.ee\/en\/product\/junior-green-fee-18-holes\/","og_site_name":"White Beach Golf","article_modified_time":"2024-06-28T08:14:59+00:00","og_image":[{"width":2560,"height":1438,"url":"https:\/\/www.wbg.ee\/wp-content\/uploads\/2024\/05\/valgeranna_51498997876_o-scaled.jpg","type":"image\/jpeg"}],"twitter_card":"summary_large_image","twitter_misc":{"Est. reading time":"1 minute"},"schema":{"@context":"https:\/\/schema.org","@graph":[{"@type":"WebPage","@id":"https:\/\/www.wbg.ee\/en\/product\/junior-green-fee-18-holes\/","url":"https:\/\/www.wbg.ee\/en\/product\/junior-green-fee-18-holes\/","name":"Junior Green Fee 18 holes - White Beach Golf","isPartOf":{"@id":"https:\/\/www.wbg.ee\/#website"},"primaryImageOfPage":{"@id":"https:\/\/www.wbg.ee\/en\/product\/junior-green-fee-18-holes\/#primaryimage"},"image":{"@id":"https:\/\/www.wbg.ee\/en\/product\/junior-green-fee-18-holes\/#primaryimage"},"thumbnailUrl":"https:\/\/www.wbg.ee\/wp-content\/uploads\/2024\/05\/valgeranna_51498997876_o-scaled.jpg","datePublished":"2024-06-27T11:10:22+00:00","dateModified":"2024-06-28T08:14:59+00:00","description":"Vali endale WBG Green Fee-dest meelep\u00e4raseim ning tule veeda m\u00f5nus p\u00e4ev meie v\u00e4ljakul, sest parim tunne on olla m\u00e4ngus! K\u00f5ikidele, kes soovivad P\u00e4rnusse pikemaks peatuma tulla pakume Green Fee pakette koos majutusega.","breadcrumb":{"@id":"https:\/\/www.wbg.ee\/en\/product\/junior-green-fee-18-holes\/#breadcrumb"},"inLanguage":"en-US","potentialAction":[{"@type":"ReadAction","target":["https:\/\/www.wbg.ee\/en\/product\/junior-green-fee-18-holes\/"]}]},{"@type":"ImageObject","inLanguage":"en-US","@id":"https:\/\/www.wbg.ee\/en\/product\/junior-green-fee-18-holes\/#primaryimage","url":"https:\/\/www.wbg.ee\/wp-content\/uploads\/2024\/05\/valgeranna_51498997876_o-scaled.jpg","contentUrl":"https:\/\/www.wbg.ee\/wp-content\/uploads\/2024\/05\/valgeranna_51498997876_o-scaled.jpg","width":2560,"height":1438},{"@type":"BreadcrumbList","@id":"https:\/\/www.wbg.ee\/en\/product\/junior-green-fee-18-holes\/#breadcrumb","itemListElement":[{"@type":"ListItem","position":1,"name":"Home","item":"https:\/\/www.wbg.ee\/en\/"},{"@type":"ListItem","position":2,"name":"Products","item":"https:\/\/www.wbg.ee\/product\/"},{"@type":"ListItem","position":3,"name":"Junior Green Fee 18 holes"}]},{"@type":"WebSite","@id":"https:\/\/www.wbg.ee\/#website","url":"https:\/\/www.wbg.ee\/","name":"White Beach Golf","description":"Parim tunne on olla m\u00e4ngus","publisher":{"@id":"https:\/\/www.wbg.ee\/#organization"},"potentialAction":[{"@type":"SearchAction","target":{"@type":"EntryPoint","urlTemplate":"https:\/\/www.wbg.ee\/?s={search_term_string}"},"query-input":{"@type":"PropertyValueSpecification","valueRequired":true,"valueName":"search_term_string"}}],"inLanguage":"en-US"},{"@type":"Organization","@id":"https:\/\/www.wbg.ee\/#organization","name":"White Beach Golf","url":"https:\/\/www.wbg.ee\/","logo":{"@type":"ImageObject","inLanguage":"en-US","@id":"https:\/\/www.wbg.ee\/#\/schema\/logo\/image\/","url":"https:\/\/www.wbg.ee\/wp-content\/uploads\/2022\/02\/logo.png","contentUrl":"https:\/\/www.wbg.ee\/wp-content\/uploads\/2022\/02\/logo.png","width":882,"height":154,"caption":"White Beach Golf"},"image":{"@id":"https:\/\/www.wbg.ee\/#\/schema\/logo\/image\/"}}]}},"uagb_featured_image_src":{"full":["https:\/\/www.wbg.ee\/wp-content\/uploads\/2024\/05\/valgeranna_51498997876_o-scaled.jpg",2560,1438,false],"thumbnail":["https:\/\/www.wbg.ee\/wp-content\/uploads\/2024\/05\/valgeranna_51498997876_o-150x150.jpg",150,150,true],"medium":["https:\/\/www.wbg.ee\/wp-content\/uploads\/2024\/05\/valgeranna_51498997876_o-300x169.jpg",300,169,true],"medium_large":["https:\/\/www.wbg.ee\/wp-content\/uploads\/2024\/05\/valgeranna_51498997876_o-768x432.jpg",640,360,true],"large":["https:\/\/www.wbg.ee\/wp-content\/uploads\/2024\/05\/valgeranna_51498997876_o-1024x575.jpg",640,359,true],"1536x1536":["https:\/\/www.wbg.ee\/wp-content\/uploads\/2024\/05\/valgeranna_51498997876_o-1536x863.jpg",1536,863,true],"2048x2048":["https:\/\/www.wbg.ee\/wp-content\/uploads\/2024\/05\/valgeranna_51498997876_o-2048x1151.jpg",2048,1151,true],"gform-image-choice-sm":["https:\/\/www.wbg.ee\/wp-content\/uploads\/2024\/05\/valgeranna_51498997876_o-scaled.jpg",300,169,false],"gform-image-choice-md":["https:\/\/www.wbg.ee\/wp-content\/uploads\/2024\/05\/valgeranna_51498997876_o-scaled.jpg",400,225,false],"gform-image-choice-lg":["https:\/\/www.wbg.ee\/wp-content\/uploads\/2024\/05\/valgeranna_51498997876_o-scaled.jpg",600,337,false]},"uagb_author_info":{"display_name":"Kaisa","author_link":"https:\/\/www.wbg.ee\/en\/author\/"},"uagb_comment_info":0,"uagb_excerpt":"The Green Fee voucher is valid for 2024 season.","_links":{"self":[{"href":"https:\/\/www.wbg.ee\/en\/wp-json\/wp\/v2\/product\/4725","targetHints":{"allow":["GET"]}}],"collection":[{"href":"https:\/\/www.wbg.ee\/en\/wp-json\/wp\/v2\/product"}],"about":[{"href":"https:\/\/www.wbg.ee\/en\/wp-json\/wp\/v2\/types\/product"}],"wp:featuredmedia":[{"embeddable":true,"href":"https:\/\/www.wbg.ee\/en\/wp-json\/wp\/v2\/media\/4632"}],"wp:attachment":[{"href":"https:\/\/www.wbg.ee\/en\/wp-json\/wp\/v2\/media?parent=4725"}],"wp:term":[{"taxonomy":"category","embeddable":true,"href":"https:\/\/www.wbg.ee\/en\/wp-json\/wp\/v2\/categories?post=4725"}],"curies":[{"name":"wp","href":"https:\/\/api.w.org\/{rel}","templated":true}]}}