{"id":93,"date":"2021-12-28T19:14:12","date_gmt":"2021-12-28T17:14:12","guid":{"rendered":"http:\/\/www.wbg.ee\/events\/"},"modified":"2025-01-24T09:47:03","modified_gmt":"2025-01-24T07:47:03","slug":"events","status":"publish","type":"page","link":"https:\/\/www.wbg.ee\/en\/events\/","title":{"rendered":"Events"},"content":{"rendered":"\n<div id=\"Erakliendi-\u00fcritused\" class=\"wp-block-group\"><div class=\"wp-block-group__inner-container is-layout-flow wp-block-group-is-layout-flow\">\n<div class=\"wp-block-group container block-pad50100 bg-yellow\"><div class=\"wp-block-group__inner-container is-layout-flow wp-block-group-is-layout-flow\">\n<h2 class=\"wp-block-heading\">Private client events<\/h2>\n\n\n\n<p>Make your next event a memorable experience! <\/p>\n\n\n\n<p>The Valgeranna Golf team offers your group the opportunity to create a memory of something that might not otherwise cross your path \u2013 golf. <\/p>\n\n\n\n<p>With us, you can host various celebrations and gatherings, from birthdays to bachelor parties<\/p>\n\n\n\n<p><\/p>\n\n\n\n\n<\/div><\/div>\n<\/div><\/div>\n\n<div id=\"\u00c4rikliendi-\u00fcritused\" class=\"wp-block-group\"><div class=\"wp-block-group__inner-container is-layout-flow wp-block-group-is-layout-flow\">\n<div class=\"wp-block-group container block-pad50100\"><div class=\"wp-block-group__inner-container is-layout-flow wp-block-group-is-layout-flow\">\n<h2 class=\"wp-block-heading\">Corporate client events<\/h2>\n\n\n\n<p>Would you like to try something completely different and exciting with your team? Valgeranna Golf offers your company a team event that will be memorable and provide fun conversation topics for years to come <\/p>\n\n\n\n<p>The Valgeranna Golf team understands the true importance of<em> team building.<\/em> That&#8217;s why we have developed exciting team event packages that encourage team members to step out of their comfort zones and help your team grow even stronger together. <\/p>\n\n\n\n<p>With our help, you can achieve multiple goals at once!<\/p>\n\n\n\n<p>We guarantee you and your companions a fun and sporty day in a scenic natural setting!<\/p>\n\n\n\n<p><\/p>\n\n\n\n\n<\/div><\/div>\n<\/div><\/div>\n\n<div class=\"wp-block-group newsletter-section\"><div class=\"wp-block-group__inner-container is-layout-flow wp-block-group-is-layout-flow\">\n<figure class=\"wp-block-image size-large\"><img loading=\"lazy\" decoding=\"async\" width=\"1024\" height=\"272\" src=\"https:\/\/www.wbg.ee\/wp-content\/uploads\/2022\/02\/wbg-newsletter-1024x272.jpg\" alt=\"\" class=\"wp-image-422\" srcset=\"https:\/\/www.wbg.ee\/wp-content\/uploads\/2022\/02\/wbg-newsletter-1024x272.jpg 1024w, https:\/\/www.wbg.ee\/wp-content\/uploads\/2022\/02\/wbg-newsletter-300x80.jpg 300w, https:\/\/www.wbg.ee\/wp-content\/uploads\/2022\/02\/wbg-newsletter-768x204.jpg 768w, https:\/\/www.wbg.ee\/wp-content\/uploads\/2022\/02\/wbg-newsletter-1536x408.jpg 1536w, https:\/\/www.wbg.ee\/wp-content\/uploads\/2022\/02\/wbg-newsletter-2048x544.jpg 2048w\" sizes=\"auto, (max-width: 1024px) 100vw, 1024px\" \/><\/figure>\n\n\n\n<div class=\"wp-block-group newsletter-block has-background\" style=\"background-color:#3b5f4d\"><div class=\"wp-block-group__inner-container is-layout-flow wp-block-group-is-layout-flow\">\n<div class=\"wp-block-columns are-vertically-aligned-center container is-layout-flex wp-container-core-columns-is-layout-9d6595d7 wp-block-columns-is-layout-flex\">\n<div class=\"wp-block-column is-vertically-aligned-center is-layout-flow wp-block-column-is-layout-flow\" style=\"flex-basis:40%\">\n<h2 class=\"has-white-color has-text-color wp-block-heading\"><strong>Sign up for <\/strong><br><strong>the newsletter<\/strong><\/h2>\n<\/div>\n\n\n\n<div class=\"wp-block-column is-vertically-aligned-center is-layout-flow wp-block-column-is-layout-flow\" style=\"flex-basis:60%\">\n<script>(function() {\n\twindow.mc4wp = window.mc4wp || {\n\t\tlisteners: [],\n\t\tforms: {\n\t\t\ton: function(evt, cb) {\n\t\t\t\twindow.mc4wp.listeners.push(\n\t\t\t\t\t{\n\t\t\t\t\t\tevent   : evt,\n\t\t\t\t\t\tcallback: cb\n\t\t\t\t\t}\n\t\t\t\t);\n\t\t\t}\n\t\t}\n\t}\n})();\n<\/script><!-- Mailchimp for WordPress v4.10.9 - https:\/\/wordpress.org\/plugins\/mailchimp-for-wp\/ --><form id=\"mc4wp-form-1\" class=\"mc4wp-form mc4wp-form-116\" method=\"post\" data-id=\"116\" data-name=\"Uudiskirja vorm\" ><div class=\"mc4wp-form-fields\"><div id=\"newsletter_form\">\r\n\t<input type=\"email\" name=\"EMAIL\" placeholder=\"Enter an e-mail\" required=\"\">\r\n\t<input type=\"submit\" value=\"Join\">\r\n<\/div><\/div><label style=\"display: none !important;\">Leave this field empty if you're human: <input type=\"text\" name=\"_mc4wp_honeypot\" value=\"\" tabindex=\"-1\" autocomplete=\"off\" \/><\/label><input type=\"hidden\" name=\"_mc4wp_timestamp\" value=\"1776343967\" \/><input type=\"hidden\" name=\"_mc4wp_form_id\" value=\"116\" \/><input type=\"hidden\" name=\"_mc4wp_form_element_id\" value=\"mc4wp-form-1\" \/><div class=\"mc4wp-response\"><\/div><\/form><!-- \/ Mailchimp for WordPress Plugin -->\n<\/div>\n<\/div>\n<\/div><\/div>\n<\/div><\/div>\n","protected":false},"excerpt":{"rendered":"<p>Private client events Make your next event a memorable experience! The Valgeranna Golf team offers your group the opportunity to create a memory of something that might not otherwise<\/p>\n","protected":false},"author":1,"featured_media":1396,"parent":0,"menu_order":33,"comment_status":"closed","ping_status":"closed","template":"page-sub-menu.php","meta":{"_acf_changed":false,"inline_featured_image":false,"_uag_custom_page_level_css":"","footnotes":""},"class_list":["post-93","page","type-page","status-publish","has-post-thumbnail","hentry"],"acf":[],"yoast_head":"<!-- This site is optimized with the Yoast SEO plugin v26.5 - https:\/\/yoast.com\/wordpress\/plugins\/seo\/ -->\n<title>Events - White Beach Golf<\/title>\n<meta name=\"description\" content=\"White Beach Golf tervitab k\u00f5iki P\u00e4rnu lahe ilusaima ranna Valgeranna vahetus l\u00e4heduses! Meie juures leiab tegevust iga k\u00fclastaja, nii golfar kui lihtsalt m\u00f6\u00f6duja, sest lisaks 18-rajalisele golfiv\u00e4ljakule asub klubimajas ka restoran, mis pakub m\u00f5nusa k\u00f5hut\u00e4ie k\u00f5ikidele k\u00fclastajatele!\" \/>\n<meta name=\"robots\" content=\"index, follow, max-snippet:-1, max-image-preview:large, max-video-preview:-1\" \/>\n<link rel=\"canonical\" href=\"https:\/\/www.wbg.ee\/en\/events\/\" \/>\n<meta property=\"og:locale\" content=\"en_US\" \/>\n<meta property=\"og:type\" content=\"article\" \/>\n<meta property=\"og:title\" content=\"Events - White Beach Golf\" \/>\n<meta property=\"og:description\" content=\"White Beach Golf tervitab k\u00f5iki P\u00e4rnu lahe ilusaima ranna Valgeranna vahetus l\u00e4heduses! Meie juures leiab tegevust iga k\u00fclastaja, nii golfar kui lihtsalt m\u00f6\u00f6duja, sest lisaks 18-rajalisele golfiv\u00e4ljakule asub klubimajas ka restoran, mis pakub m\u00f5nusa k\u00f5hut\u00e4ie k\u00f5ikidele k\u00fclastajatele!\" \/>\n<meta property=\"og:url\" content=\"https:\/\/www.wbg.ee\/en\/events\/\" \/>\n<meta property=\"og:site_name\" content=\"White Beach Golf\" \/>\n<meta property=\"article:modified_time\" content=\"2025-01-24T07:47:03+00:00\" \/>\n<meta property=\"og:image\" content=\"https:\/\/www.wbg.ee\/wp-content\/uploads\/2022\/04\/wbg-uritused2.jpg\" \/>\n\t<meta property=\"og:image:width\" content=\"2560\" \/>\n\t<meta property=\"og:image:height\" content=\"977\" \/>\n\t<meta property=\"og:image:type\" content=\"image\/jpeg\" \/>\n<meta name=\"twitter:card\" content=\"summary_large_image\" \/>\n<meta name=\"twitter:label1\" content=\"Est. reading time\" \/>\n\t<meta name=\"twitter:data1\" content=\"1 minute\" \/>\n<script type=\"application\/ld+json\" class=\"yoast-schema-graph\">{\"@context\":\"https:\/\/schema.org\",\"@graph\":[{\"@type\":\"WebPage\",\"@id\":\"https:\/\/www.wbg.ee\/en\/events\/\",\"url\":\"https:\/\/www.wbg.ee\/en\/events\/\",\"name\":\"Events - White Beach Golf\",\"isPartOf\":{\"@id\":\"https:\/\/www.wbg.ee\/#website\"},\"primaryImageOfPage\":{\"@id\":\"https:\/\/www.wbg.ee\/en\/events\/#primaryimage\"},\"image\":{\"@id\":\"https:\/\/www.wbg.ee\/en\/events\/#primaryimage\"},\"thumbnailUrl\":\"https:\/\/www.wbg.ee\/wp-content\/uploads\/2022\/04\/wbg-uritused2.jpg\",\"datePublished\":\"2021-12-28T17:14:12+00:00\",\"dateModified\":\"2025-01-24T07:47:03+00:00\",\"description\":\"White Beach Golf tervitab k\u00f5iki P\u00e4rnu lahe ilusaima ranna Valgeranna vahetus l\u00e4heduses! Meie juures leiab tegevust iga k\u00fclastaja, nii golfar kui lihtsalt m\u00f6\u00f6duja, sest lisaks 18-rajalisele golfiv\u00e4ljakule asub klubimajas ka restoran, mis pakub m\u00f5nusa k\u00f5hut\u00e4ie k\u00f5ikidele k\u00fclastajatele!\",\"breadcrumb\":{\"@id\":\"https:\/\/www.wbg.ee\/en\/events\/#breadcrumb\"},\"inLanguage\":\"en-US\",\"potentialAction\":[{\"@type\":\"ReadAction\",\"target\":[\"https:\/\/www.wbg.ee\/en\/events\/\"]}]},{\"@type\":\"ImageObject\",\"inLanguage\":\"en-US\",\"@id\":\"https:\/\/www.wbg.ee\/en\/events\/#primaryimage\",\"url\":\"https:\/\/www.wbg.ee\/wp-content\/uploads\/2022\/04\/wbg-uritused2.jpg\",\"contentUrl\":\"https:\/\/www.wbg.ee\/wp-content\/uploads\/2022\/04\/wbg-uritused2.jpg\",\"width\":2560,\"height\":977},{\"@type\":\"BreadcrumbList\",\"@id\":\"https:\/\/www.wbg.ee\/en\/events\/#breadcrumb\",\"itemListElement\":[{\"@type\":\"ListItem\",\"position\":1,\"name\":\"Home\",\"item\":\"https:\/\/www.wbg.ee\/en\/\"},{\"@type\":\"ListItem\",\"position\":2,\"name\":\"Events\"}]},{\"@type\":\"WebSite\",\"@id\":\"https:\/\/www.wbg.ee\/#website\",\"url\":\"https:\/\/www.wbg.ee\/\",\"name\":\"White Beach Golf\",\"description\":\"Parim tunne on olla m\u00e4ngus\",\"publisher\":{\"@id\":\"https:\/\/www.wbg.ee\/#organization\"},\"potentialAction\":[{\"@type\":\"SearchAction\",\"target\":{\"@type\":\"EntryPoint\",\"urlTemplate\":\"https:\/\/www.wbg.ee\/?s={search_term_string}\"},\"query-input\":{\"@type\":\"PropertyValueSpecification\",\"valueRequired\":true,\"valueName\":\"search_term_string\"}}],\"inLanguage\":\"en-US\"},{\"@type\":\"Organization\",\"@id\":\"https:\/\/www.wbg.ee\/#organization\",\"name\":\"White Beach Golf\",\"url\":\"https:\/\/www.wbg.ee\/\",\"logo\":{\"@type\":\"ImageObject\",\"inLanguage\":\"en-US\",\"@id\":\"https:\/\/www.wbg.ee\/#\/schema\/logo\/image\/\",\"url\":\"https:\/\/www.wbg.ee\/wp-content\/uploads\/2022\/02\/logo.png\",\"contentUrl\":\"https:\/\/www.wbg.ee\/wp-content\/uploads\/2022\/02\/logo.png\",\"width\":882,\"height\":154,\"caption\":\"White Beach Golf\"},\"image\":{\"@id\":\"https:\/\/www.wbg.ee\/#\/schema\/logo\/image\/\"}}]}<\/script>\n<!-- \/ Yoast SEO plugin. -->","yoast_head_json":{"title":"Events - White Beach Golf","description":"White Beach Golf tervitab k\u00f5iki P\u00e4rnu lahe ilusaima ranna Valgeranna vahetus l\u00e4heduses! Meie juures leiab tegevust iga k\u00fclastaja, nii golfar kui lihtsalt m\u00f6\u00f6duja, sest lisaks 18-rajalisele golfiv\u00e4ljakule asub klubimajas ka restoran, mis pakub m\u00f5nusa k\u00f5hut\u00e4ie k\u00f5ikidele k\u00fclastajatele!","robots":{"index":"index","follow":"follow","max-snippet":"max-snippet:-1","max-image-preview":"max-image-preview:large","max-video-preview":"max-video-preview:-1"},"canonical":"https:\/\/www.wbg.ee\/en\/events\/","og_locale":"en_US","og_type":"article","og_title":"Events - White Beach Golf","og_description":"White Beach Golf tervitab k\u00f5iki P\u00e4rnu lahe ilusaima ranna Valgeranna vahetus l\u00e4heduses! Meie juures leiab tegevust iga k\u00fclastaja, nii golfar kui lihtsalt m\u00f6\u00f6duja, sest lisaks 18-rajalisele golfiv\u00e4ljakule asub klubimajas ka restoran, mis pakub m\u00f5nusa k\u00f5hut\u00e4ie k\u00f5ikidele k\u00fclastajatele!","og_url":"https:\/\/www.wbg.ee\/en\/events\/","og_site_name":"White Beach Golf","article_modified_time":"2025-01-24T07:47:03+00:00","og_image":[{"width":2560,"height":977,"url":"https:\/\/www.wbg.ee\/wp-content\/uploads\/2022\/04\/wbg-uritused2.jpg","type":"image\/jpeg"}],"twitter_card":"summary_large_image","twitter_misc":{"Est. reading time":"1 minute"},"schema":{"@context":"https:\/\/schema.org","@graph":[{"@type":"WebPage","@id":"https:\/\/www.wbg.ee\/en\/events\/","url":"https:\/\/www.wbg.ee\/en\/events\/","name":"Events - White Beach Golf","isPartOf":{"@id":"https:\/\/www.wbg.ee\/#website"},"primaryImageOfPage":{"@id":"https:\/\/www.wbg.ee\/en\/events\/#primaryimage"},"image":{"@id":"https:\/\/www.wbg.ee\/en\/events\/#primaryimage"},"thumbnailUrl":"https:\/\/www.wbg.ee\/wp-content\/uploads\/2022\/04\/wbg-uritused2.jpg","datePublished":"2021-12-28T17:14:12+00:00","dateModified":"2025-01-24T07:47:03+00:00","description":"White Beach Golf tervitab k\u00f5iki P\u00e4rnu lahe ilusaima ranna Valgeranna vahetus l\u00e4heduses! Meie juures leiab tegevust iga k\u00fclastaja, nii golfar kui lihtsalt m\u00f6\u00f6duja, sest lisaks 18-rajalisele golfiv\u00e4ljakule asub klubimajas ka restoran, mis pakub m\u00f5nusa k\u00f5hut\u00e4ie k\u00f5ikidele k\u00fclastajatele!","breadcrumb":{"@id":"https:\/\/www.wbg.ee\/en\/events\/#breadcrumb"},"inLanguage":"en-US","potentialAction":[{"@type":"ReadAction","target":["https:\/\/www.wbg.ee\/en\/events\/"]}]},{"@type":"ImageObject","inLanguage":"en-US","@id":"https:\/\/www.wbg.ee\/en\/events\/#primaryimage","url":"https:\/\/www.wbg.ee\/wp-content\/uploads\/2022\/04\/wbg-uritused2.jpg","contentUrl":"https:\/\/www.wbg.ee\/wp-content\/uploads\/2022\/04\/wbg-uritused2.jpg","width":2560,"height":977},{"@type":"BreadcrumbList","@id":"https:\/\/www.wbg.ee\/en\/events\/#breadcrumb","itemListElement":[{"@type":"ListItem","position":1,"name":"Home","item":"https:\/\/www.wbg.ee\/en\/"},{"@type":"ListItem","position":2,"name":"Events"}]},{"@type":"WebSite","@id":"https:\/\/www.wbg.ee\/#website","url":"https:\/\/www.wbg.ee\/","name":"White Beach Golf","description":"Parim tunne on olla m\u00e4ngus","publisher":{"@id":"https:\/\/www.wbg.ee\/#organization"},"potentialAction":[{"@type":"SearchAction","target":{"@type":"EntryPoint","urlTemplate":"https:\/\/www.wbg.ee\/?s={search_term_string}"},"query-input":{"@type":"PropertyValueSpecification","valueRequired":true,"valueName":"search_term_string"}}],"inLanguage":"en-US"},{"@type":"Organization","@id":"https:\/\/www.wbg.ee\/#organization","name":"White Beach Golf","url":"https:\/\/www.wbg.ee\/","logo":{"@type":"ImageObject","inLanguage":"en-US","@id":"https:\/\/www.wbg.ee\/#\/schema\/logo\/image\/","url":"https:\/\/www.wbg.ee\/wp-content\/uploads\/2022\/02\/logo.png","contentUrl":"https:\/\/www.wbg.ee\/wp-content\/uploads\/2022\/02\/logo.png","width":882,"height":154,"caption":"White Beach Golf"},"image":{"@id":"https:\/\/www.wbg.ee\/#\/schema\/logo\/image\/"}}]}},"uagb_featured_image_src":{"full":["https:\/\/www.wbg.ee\/wp-content\/uploads\/2022\/04\/wbg-uritused2.jpg",2560,977,false],"thumbnail":["https:\/\/www.wbg.ee\/wp-content\/uploads\/2022\/04\/wbg-uritused2-150x150.jpg",150,150,true],"medium":["https:\/\/www.wbg.ee\/wp-content\/uploads\/2022\/04\/wbg-uritused2-300x114.jpg",300,114,true],"medium_large":["https:\/\/www.wbg.ee\/wp-content\/uploads\/2022\/04\/wbg-uritused2-768x293.jpg",640,244,true],"large":["https:\/\/www.wbg.ee\/wp-content\/uploads\/2022\/04\/wbg-uritused2-1024x391.jpg",640,244,true],"1536x1536":["https:\/\/www.wbg.ee\/wp-content\/uploads\/2022\/04\/wbg-uritused2-1536x586.jpg",1536,586,true],"2048x2048":["https:\/\/www.wbg.ee\/wp-content\/uploads\/2022\/04\/wbg-uritused2-2048x782.jpg",2048,782,true],"gform-image-choice-sm":["https:\/\/www.wbg.ee\/wp-content\/uploads\/2022\/04\/wbg-uritused2.jpg",300,114,false],"gform-image-choice-md":["https:\/\/www.wbg.ee\/wp-content\/uploads\/2022\/04\/wbg-uritused2.jpg",400,153,false],"gform-image-choice-lg":["https:\/\/www.wbg.ee\/wp-content\/uploads\/2022\/04\/wbg-uritused2.jpg",600,229,false]},"uagb_author_info":{"display_name":"admin","author_link":"https:\/\/www.wbg.ee\/en\/author\/admin\/"},"uagb_comment_info":0,"uagb_excerpt":"Private client events Make your next event a memorable experience! The Valgeranna Golf team offers your group the opportunity to create a memory of something that might not otherwise","_links":{"self":[{"href":"https:\/\/www.wbg.ee\/en\/wp-json\/wp\/v2\/pages\/93","targetHints":{"allow":["GET"]}}],"collection":[{"href":"https:\/\/www.wbg.ee\/en\/wp-json\/wp\/v2\/pages"}],"about":[{"href":"https:\/\/www.wbg.ee\/en\/wp-json\/wp\/v2\/types\/page"}],"author":[{"embeddable":true,"href":"https:\/\/www.wbg.ee\/en\/wp-json\/wp\/v2\/users\/1"}],"replies":[{"embeddable":true,"href":"https:\/\/www.wbg.ee\/en\/wp-json\/wp\/v2\/comments?post=93"}],"version-history":[{"count":2,"href":"https:\/\/www.wbg.ee\/en\/wp-json\/wp\/v2\/pages\/93\/revisions"}],"predecessor-version":[{"id":4958,"href":"https:\/\/www.wbg.ee\/en\/wp-json\/wp\/v2\/pages\/93\/revisions\/4958"}],"wp:featuredmedia":[{"embeddable":true,"href":"https:\/\/www.wbg.ee\/en\/wp-json\/wp\/v2\/media\/1396"}],"wp:attachment":[{"href":"https:\/\/www.wbg.ee\/en\/wp-json\/wp\/v2\/media?parent=93"}],"curies":[{"name":"wp","href":"https:\/\/api.w.org\/{rel}","templated":true}]}}