{"id":89,"date":"2021-12-28T19:13:42","date_gmt":"2021-12-28T17:13:42","guid":{"rendered":"http:\/\/www.wbg.ee\/restaurant\/"},"modified":"2026-04-18T17:34:39","modified_gmt":"2026-04-18T14:34:39","slug":"restaurant-white-beach-golf","status":"publish","type":"page","link":"https:\/\/www.wbg.ee\/en\/restaurant-white-beach-golf\/","title":{"rendered":"Resto"},"content":{"rendered":"\n<div id=\"Restaurant\" class=\"wp-block-group grid-2-info wbg-box-shadow mb-50\"><div class=\"wp-block-group__inner-container is-layout-flow wp-block-group-is-layout-flow\">\n<div class=\"wp-block-columns has-background is-layout-flex wp-container-core-columns-is-layout-9d6595d7 wp-block-columns-is-layout-flex\" style=\"background-color:#e8e3dc\">\n<div class=\"wp-block-column is-layout-flow wp-block-column-is-layout-flow\">\n<p class=\"has-luminous-vivid-amber-background-color has-background\">The restaurant is now open Mon to Thu 11:00 &#8211; 16.00 and Fri to Sun 11:00 &#8211; 17:30<\/p>\n\n\n\n<div id=\"Restoran\" class=\"wp-block-group grid-2-info wbg-box-shadow mb-50\"><div class=\"wp-block-group__inner-container is-layout-flow wp-block-group-is-layout-flow\">\n<div class=\"wp-block-columns has-background is-layout-flex wp-container-core-columns-is-layout-9d6595d7 wp-block-columns-is-layout-flex\" style=\"background-color:#e8e3dc\">\n<div class=\"wp-block-column is-vertically-aligned-center is-layout-flow wp-block-column-is-layout-flow\" style=\"flex-basis:40%\">\n<div class=\"wp-block-group hg-text\"><div class=\"wp-block-group__inner-container is-layout-flow wp-block-group-is-layout-flow\">\n<h2 class=\"wp-block-heading\">Resto<br><\/h2>\n\n\n\n<p><br><strong>Not just for golfers!<\/strong><br>Our kitchen brings a European flair to the table, using only the freshest ingredients. Our \u00e0 la carte menu welcomes every guest with flavors to remember.<\/p>\n\n\n\n<p>Whether you&#8217;re planning a business lunch, a family dinner, or a casual outing with friends \u2013 the spacious and sunny terrace at Valgeranna Golf Restaurant, its peaceful setting away from the city noise, and our warm, friendly service ensure a pleasant dining experience and quality time.<\/p>\n\n\n\n<p>During the summer season, we&#8217;re open every day. In addition to our 80-seat indoor dining area, guests can enjoy a 90-seat outdoor terrace with stunning views. We&#8217;re just a 10-minute drive from P\u00e4rnu city center, a short walk from the beautiful Valgeranna beach \u2013 and yes, there&#8217;s free parking right in front!<\/p>\n<\/div><\/div>\n<\/div>\n\n\n\n<div class=\"wp-block-column is-layout-flow wp-block-column-is-layout-flow\" style=\"flex-basis:60%\"><div class=\"wp-block-image\">\n<figure class=\"aligncenter size-full\"><img decoding=\"async\" src=\"https:\/\/www.wbg.ee\/wp-content\/uploads\/2025\/05\/big_picture_303_6.jpg\" alt=\"\" class=\"wp-image-5134\"\/><\/figure>\n<\/div><\/div>\n\n\n\n<div class=\"wp-block-column is-layout-flow wp-block-column-is-layout-flow\"><\/div>\n<\/div>\n<\/div><\/div>\n\n\n\n<div id=\"Peakokk\" class=\"wp-block-group grid-2-info wbg-box-shadow mb-50\"><div class=\"wp-block-group__inner-container is-layout-flow wp-block-group-is-layout-flow\">\n<div class=\"wp-block-columns hidden-block has-background is-layout-flex wp-container-core-columns-is-layout-9d6595d7 wp-block-columns-is-layout-flex\" style=\"background-color:#615040\">\n<div class=\"wp-block-column is-layout-flow wp-block-column-is-layout-flow\" style=\"flex-basis:60%\">\n<div class=\"wp-block-group hg-image\"><div class=\"wp-block-group__inner-container is-layout-flow wp-block-group-is-layout-flow\"><\/div><\/div>\n<\/div>\n\n\n\n<div class=\"wp-block-column is-vertically-aligned-center col-mobile-top is-layout-flow wp-block-column-is-layout-flow\" style=\"flex-basis:40%\">\n<div class=\"wp-block-group hg-text hg-text-right\"><div class=\"wp-block-group__inner-container is-layout-flow wp-block-group-is-layout-flow\">\n<h2 class=\"wp-block-heading has-white-color has-text-color\">A La Carte<\/h2>\n\n\n<\/div><\/div>\n<\/div>\n<\/div>\n\n\n\n<div class=\"wp-block-columns hidden-block has-background is-layout-flex wp-container-core-columns-is-layout-9d6595d7 wp-block-columns-is-layout-flex\" style=\"background-color:#615040\">\n<div class=\"wp-block-column is-layout-flow wp-block-column-is-layout-flow\" style=\"flex-basis:60%\">\n<div class=\"wp-block-group hg-image\"><div class=\"wp-block-group__inner-container is-layout-flow wp-block-group-is-layout-flow\"><\/div><\/div>\n<\/div>\n\n\n\n<div class=\"wp-block-column is-vertically-aligned-center col-mobile-top is-layout-flow wp-block-column-is-layout-flow\" style=\"flex-basis:40%\">\n<div class=\"wp-block-group hg-text hg-text-right\"><div class=\"wp-block-group__inner-container is-layout-flow wp-block-group-is-layout-flow\">\n<h2 class=\"wp-block-heading has-white-color has-text-color\">Drinks <\/h2>\n\n\n\n\n\n\n<\/div><\/div>\n<\/div>\n<\/div>\n<\/div><\/div>\n\n\n\n<div class=\"wp-block-columns is-layout-flex wp-container-core-columns-is-layout-9d6595d7 wp-block-columns-is-layout-flex\">\n<div class=\"wp-block-column is-layout-flow wp-block-column-is-layout-flow\">\n<h2 class=\"wp-block-heading\">Event Hosting<br><\/h2>\n\n\n\n<p><strong>We Host Events for Every Occasion<\/strong><br>From classic golf tournaments and elegant birthday buffets to canap\u00e9 receptions and truly unique gatherings \u2013 we offer tailored solutions for all kinds of events and groups. Get in touch with us to create the perfect setup for your special occasion: <a href=\"mailto:resto@wbg.ee\" target=\"_blank\" rel=\"noreferrer noopener\">resto@wbg.ee<\/a><\/p>\n<\/div>\n<\/div>\n<\/div>\n<\/div>\n<\/div><\/div>\n\n\n\n<div id=\"Booking\" class=\"wp-block-group grid-2-info cta-block wbg-box-shadow has-background\" style=\"background-color:#f4c54c\"><div class=\"wp-block-group__inner-container is-layout-flow wp-block-group-is-layout-flow\">\n<div class=\"wp-block-columns is-layout-flex wp-container-core-columns-is-layout-9d6595d7 wp-block-columns-is-layout-flex\">\n<div class=\"wp-block-column is-vertically-aligned-center has-black-color has-text-color is-layout-flow wp-block-column-is-layout-flow\" style=\"flex-basis:40%\">\n<p><br><\/p>\n\n\n\n<p><br>The restaurant is OPEN<br>MON \u2013 THU: 11:00 \u2013&nbsp;16:00<br>FRI &#8211; SUN: 11:00 \u2013 17:30<\/p>\n\n\n\n<p>Come tasting<\/p>\n<\/div>\n\n\n\n<div class=\"wp-block-column is-vertically-aligned-center is-layout-flow wp-block-column-is-layout-flow\" style=\"flex-basis:20%\">\n<h3 class=\"wp-block-heading\">More info:<\/h3>\n<\/div>\n\n\n\n<div class=\"wp-block-column is-vertically-aligned-center is-layout-flow wp-block-column-is-layout-flow\">\n<div class=\"wp-block-group content-pull-right\"><div class=\"wp-block-group__inner-container is-layout-flow wp-block-group-is-layout-flow\">\n<p><strong><a href=\"tel:+372 442 9930\">+372 442 9930<\/a>\u00a0<\/strong><\/p>\n<\/div><\/div>\n\n\n\n<p><\/p>\n<\/div>\n<\/div>\n<\/div><\/div>\n\n\n\n<div style=\"height:100px\" aria-hidden=\"true\" class=\"wp-block-spacer\"><\/div>\n\n\n\n<div class=\"wp-block-group newsletter-section\"><div class=\"wp-block-group__inner-container is-layout-flow wp-block-group-is-layout-flow\">\n<figure class=\"wp-block-image size-large\"><img loading=\"lazy\" decoding=\"async\" width=\"1024\" height=\"272\" src=\"https:\/\/www.wbg.ee\/wp-content\/uploads\/2022\/02\/wbg-newsletter-1024x272.jpg\" alt=\"\" class=\"wp-image-422\" srcset=\"https:\/\/www.wbg.ee\/wp-content\/uploads\/2022\/02\/wbg-newsletter-1024x272.jpg 1024w, https:\/\/www.wbg.ee\/wp-content\/uploads\/2022\/02\/wbg-newsletter-300x80.jpg 300w, https:\/\/www.wbg.ee\/wp-content\/uploads\/2022\/02\/wbg-newsletter-768x204.jpg 768w, https:\/\/www.wbg.ee\/wp-content\/uploads\/2022\/02\/wbg-newsletter-1536x408.jpg 1536w, https:\/\/www.wbg.ee\/wp-content\/uploads\/2022\/02\/wbg-newsletter-2048x544.jpg 2048w\" sizes=\"auto, (max-width: 1024px) 100vw, 1024px\" \/><\/figure>\n\n\n\n<div class=\"wp-block-group newsletter-block has-background\" style=\"background-color:#3b5f4d\"><div class=\"wp-block-group__inner-container is-layout-flow wp-block-group-is-layout-flow\">\n<div class=\"wp-block-columns are-vertically-aligned-center container is-layout-flex wp-container-core-columns-is-layout-9d6595d7 wp-block-columns-is-layout-flex\">\n<div class=\"wp-block-column is-vertically-aligned-center is-layout-flow wp-block-column-is-layout-flow\" style=\"flex-basis:40%\">\n<h2 class=\"has-white-color has-text-color wp-block-heading\"><strong>Sign up for <\/strong><br><strong>the newsletter<\/strong><\/h2>\n<\/div>\n\n\n\n<div class=\"wp-block-column is-vertically-aligned-center is-layout-flow wp-block-column-is-layout-flow\" style=\"flex-basis:60%\">\n<script>(function() {\n\twindow.mc4wp = window.mc4wp || {\n\t\tlisteners: [],\n\t\tforms: {\n\t\t\ton: function(evt, cb) {\n\t\t\t\twindow.mc4wp.listeners.push(\n\t\t\t\t\t{\n\t\t\t\t\t\tevent   : evt,\n\t\t\t\t\t\tcallback: cb\n\t\t\t\t\t}\n\t\t\t\t);\n\t\t\t}\n\t\t}\n\t}\n})();\n<\/script><!-- Mailchimp for WordPress v4.10.9 - https:\/\/wordpress.org\/plugins\/mailchimp-for-wp\/ --><form id=\"mc4wp-form-1\" class=\"mc4wp-form mc4wp-form-116\" method=\"post\" data-id=\"116\" data-name=\"Uudiskirja vorm\" ><div class=\"mc4wp-form-fields\"><div id=\"newsletter_form\">\r\n\t<input type=\"email\" name=\"EMAIL\" placeholder=\"Enter an e-mail\" required=\"\">\r\n\t<input type=\"submit\" value=\"Join\">\r\n<\/div><\/div><label style=\"display: none !important;\">Leave this field empty if you're human: <input type=\"text\" name=\"_mc4wp_honeypot\" value=\"\" tabindex=\"-1\" autocomplete=\"off\" \/><\/label><input type=\"hidden\" name=\"_mc4wp_timestamp\" value=\"1776865517\" \/><input type=\"hidden\" name=\"_mc4wp_form_id\" value=\"116\" \/><input type=\"hidden\" name=\"_mc4wp_form_element_id\" value=\"mc4wp-form-1\" \/><div class=\"mc4wp-response\"><\/div><\/form><!-- \/ Mailchimp for WordPress Plugin -->\n<\/div>\n<\/div>\n<\/div><\/div>\n<\/div><\/div>\n","protected":false},"excerpt":{"rendered":"<p>The restaurant is now open Mon to Thu 11:00 &#8211; 16.00 and Fri to Sun 11:00 &#8211; 17:30 Resto Not just for golfers!Our kitchen brings a European flair to<\/p>\n","protected":false},"author":1,"featured_media":764,"parent":0,"menu_order":32,"comment_status":"closed","ping_status":"closed","template":"page-sub-menu.php","meta":{"_acf_changed":false,"inline_featured_image":false,"_uag_custom_page_level_css":"","footnotes":""},"class_list":["post-89","page","type-page","status-publish","has-post-thumbnail","hentry"],"acf":[],"yoast_head":"<!-- This site is optimized with the Yoast SEO plugin v26.5 - https:\/\/yoast.com\/wordpress\/plugins\/seo\/ -->\n<title>Resto - White Beach Golf<\/title>\n<meta name=\"description\" content=\"White Beach Golf tervitab k\u00f5iki P\u00e4rnu lahe ilusaima ranna Valgeranna vahetus l\u00e4heduses! Meie juures leiab tegevust iga k\u00fclastaja, nii golfar kui lihtsalt m\u00f6\u00f6duja, sest lisaks 18-rajalisele golfiv\u00e4ljakule asub klubimajas ka restoran, mis pakub m\u00f5nusa k\u00f5hut\u00e4ie k\u00f5ikidele k\u00fclastajatele!\" \/>\n<meta name=\"robots\" content=\"index, follow, max-snippet:-1, max-image-preview:large, max-video-preview:-1\" \/>\n<link rel=\"canonical\" href=\"https:\/\/www.wbg.ee\/en\/restaurant-white-beach-golf\/\" \/>\n<meta property=\"og:locale\" content=\"en_US\" \/>\n<meta property=\"og:type\" content=\"article\" \/>\n<meta property=\"og:title\" content=\"Resto - White Beach Golf\" \/>\n<meta property=\"og:description\" content=\"White Beach Golf tervitab k\u00f5iki P\u00e4rnu lahe ilusaima ranna Valgeranna vahetus l\u00e4heduses! Meie juures leiab tegevust iga k\u00fclastaja, nii golfar kui lihtsalt m\u00f6\u00f6duja, sest lisaks 18-rajalisele golfiv\u00e4ljakule asub klubimajas ka restoran, mis pakub m\u00f5nusa k\u00f5hut\u00e4ie k\u00f5ikidele k\u00fclastajatele!\" \/>\n<meta property=\"og:url\" content=\"https:\/\/www.wbg.ee\/en\/restaurant-white-beach-golf\/\" \/>\n<meta property=\"og:site_name\" content=\"White Beach Golf\" \/>\n<meta property=\"article:modified_time\" content=\"2026-04-18T14:34:39+00:00\" \/>\n<meta property=\"og:image\" content=\"https:\/\/www.wbg.ee\/wp-content\/uploads\/2022\/02\/wbg-img7.jpg\" \/>\n\t<meta property=\"og:image:width\" content=\"1420\" \/>\n\t<meta property=\"og:image:height\" content=\"420\" \/>\n\t<meta property=\"og:image:type\" content=\"image\/jpeg\" \/>\n<meta name=\"twitter:card\" content=\"summary_large_image\" \/>\n<meta name=\"twitter:label1\" content=\"Est. reading time\" \/>\n\t<meta name=\"twitter:data1\" content=\"3 minutes\" \/>\n<script type=\"application\/ld+json\" class=\"yoast-schema-graph\">{\"@context\":\"https:\/\/schema.org\",\"@graph\":[{\"@type\":\"WebPage\",\"@id\":\"https:\/\/www.wbg.ee\/en\/restaurant-white-beach-golf\/\",\"url\":\"https:\/\/www.wbg.ee\/en\/restaurant-white-beach-golf\/\",\"name\":\"Resto - White Beach Golf\",\"isPartOf\":{\"@id\":\"https:\/\/www.wbg.ee\/#website\"},\"primaryImageOfPage\":{\"@id\":\"https:\/\/www.wbg.ee\/en\/restaurant-white-beach-golf\/#primaryimage\"},\"image\":{\"@id\":\"https:\/\/www.wbg.ee\/en\/restaurant-white-beach-golf\/#primaryimage\"},\"thumbnailUrl\":\"https:\/\/www.wbg.ee\/wp-content\/uploads\/2022\/02\/wbg-img7.jpg\",\"datePublished\":\"2021-12-28T17:13:42+00:00\",\"dateModified\":\"2026-04-18T14:34:39+00:00\",\"description\":\"White Beach Golf tervitab k\u00f5iki P\u00e4rnu lahe ilusaima ranna Valgeranna vahetus l\u00e4heduses! Meie juures leiab tegevust iga k\u00fclastaja, nii golfar kui lihtsalt m\u00f6\u00f6duja, sest lisaks 18-rajalisele golfiv\u00e4ljakule asub klubimajas ka restoran, mis pakub m\u00f5nusa k\u00f5hut\u00e4ie k\u00f5ikidele k\u00fclastajatele!\",\"breadcrumb\":{\"@id\":\"https:\/\/www.wbg.ee\/en\/restaurant-white-beach-golf\/#breadcrumb\"},\"inLanguage\":\"en-US\",\"potentialAction\":[{\"@type\":\"ReadAction\",\"target\":[\"https:\/\/www.wbg.ee\/en\/restaurant-white-beach-golf\/\"]}]},{\"@type\":\"ImageObject\",\"inLanguage\":\"en-US\",\"@id\":\"https:\/\/www.wbg.ee\/en\/restaurant-white-beach-golf\/#primaryimage\",\"url\":\"https:\/\/www.wbg.ee\/wp-content\/uploads\/2022\/02\/wbg-img7.jpg\",\"contentUrl\":\"https:\/\/www.wbg.ee\/wp-content\/uploads\/2022\/02\/wbg-img7.jpg\",\"width\":1420,\"height\":420},{\"@type\":\"BreadcrumbList\",\"@id\":\"https:\/\/www.wbg.ee\/en\/restaurant-white-beach-golf\/#breadcrumb\",\"itemListElement\":[{\"@type\":\"ListItem\",\"position\":1,\"name\":\"Home\",\"item\":\"https:\/\/www.wbg.ee\/en\/\"},{\"@type\":\"ListItem\",\"position\":2,\"name\":\"Resto\"}]},{\"@type\":\"WebSite\",\"@id\":\"https:\/\/www.wbg.ee\/#website\",\"url\":\"https:\/\/www.wbg.ee\/\",\"name\":\"White Beach Golf\",\"description\":\"Parim tunne on olla m\u00e4ngus\",\"publisher\":{\"@id\":\"https:\/\/www.wbg.ee\/#organization\"},\"potentialAction\":[{\"@type\":\"SearchAction\",\"target\":{\"@type\":\"EntryPoint\",\"urlTemplate\":\"https:\/\/www.wbg.ee\/?s={search_term_string}\"},\"query-input\":{\"@type\":\"PropertyValueSpecification\",\"valueRequired\":true,\"valueName\":\"search_term_string\"}}],\"inLanguage\":\"en-US\"},{\"@type\":\"Organization\",\"@id\":\"https:\/\/www.wbg.ee\/#organization\",\"name\":\"White Beach Golf\",\"url\":\"https:\/\/www.wbg.ee\/\",\"logo\":{\"@type\":\"ImageObject\",\"inLanguage\":\"en-US\",\"@id\":\"https:\/\/www.wbg.ee\/#\/schema\/logo\/image\/\",\"url\":\"https:\/\/www.wbg.ee\/wp-content\/uploads\/2022\/02\/logo.png\",\"contentUrl\":\"https:\/\/www.wbg.ee\/wp-content\/uploads\/2022\/02\/logo.png\",\"width\":882,\"height\":154,\"caption\":\"White Beach Golf\"},\"image\":{\"@id\":\"https:\/\/www.wbg.ee\/#\/schema\/logo\/image\/\"}}]}<\/script>\n<!-- \/ Yoast SEO plugin. -->","yoast_head_json":{"title":"Resto - White Beach Golf","description":"White Beach Golf tervitab k\u00f5iki P\u00e4rnu lahe ilusaima ranna Valgeranna vahetus l\u00e4heduses! Meie juures leiab tegevust iga k\u00fclastaja, nii golfar kui lihtsalt m\u00f6\u00f6duja, sest lisaks 18-rajalisele golfiv\u00e4ljakule asub klubimajas ka restoran, mis pakub m\u00f5nusa k\u00f5hut\u00e4ie k\u00f5ikidele k\u00fclastajatele!","robots":{"index":"index","follow":"follow","max-snippet":"max-snippet:-1","max-image-preview":"max-image-preview:large","max-video-preview":"max-video-preview:-1"},"canonical":"https:\/\/www.wbg.ee\/en\/restaurant-white-beach-golf\/","og_locale":"en_US","og_type":"article","og_title":"Resto - White Beach Golf","og_description":"White Beach Golf tervitab k\u00f5iki P\u00e4rnu lahe ilusaima ranna Valgeranna vahetus l\u00e4heduses! Meie juures leiab tegevust iga k\u00fclastaja, nii golfar kui lihtsalt m\u00f6\u00f6duja, sest lisaks 18-rajalisele golfiv\u00e4ljakule asub klubimajas ka restoran, mis pakub m\u00f5nusa k\u00f5hut\u00e4ie k\u00f5ikidele k\u00fclastajatele!","og_url":"https:\/\/www.wbg.ee\/en\/restaurant-white-beach-golf\/","og_site_name":"White Beach Golf","article_modified_time":"2026-04-18T14:34:39+00:00","og_image":[{"width":1420,"height":420,"url":"https:\/\/www.wbg.ee\/wp-content\/uploads\/2022\/02\/wbg-img7.jpg","type":"image\/jpeg"}],"twitter_card":"summary_large_image","twitter_misc":{"Est. reading time":"3 minutes"},"schema":{"@context":"https:\/\/schema.org","@graph":[{"@type":"WebPage","@id":"https:\/\/www.wbg.ee\/en\/restaurant-white-beach-golf\/","url":"https:\/\/www.wbg.ee\/en\/restaurant-white-beach-golf\/","name":"Resto - White Beach Golf","isPartOf":{"@id":"https:\/\/www.wbg.ee\/#website"},"primaryImageOfPage":{"@id":"https:\/\/www.wbg.ee\/en\/restaurant-white-beach-golf\/#primaryimage"},"image":{"@id":"https:\/\/www.wbg.ee\/en\/restaurant-white-beach-golf\/#primaryimage"},"thumbnailUrl":"https:\/\/www.wbg.ee\/wp-content\/uploads\/2022\/02\/wbg-img7.jpg","datePublished":"2021-12-28T17:13:42+00:00","dateModified":"2026-04-18T14:34:39+00:00","description":"White Beach Golf tervitab k\u00f5iki P\u00e4rnu lahe ilusaima ranna Valgeranna vahetus l\u00e4heduses! Meie juures leiab tegevust iga k\u00fclastaja, nii golfar kui lihtsalt m\u00f6\u00f6duja, sest lisaks 18-rajalisele golfiv\u00e4ljakule asub klubimajas ka restoran, mis pakub m\u00f5nusa k\u00f5hut\u00e4ie k\u00f5ikidele k\u00fclastajatele!","breadcrumb":{"@id":"https:\/\/www.wbg.ee\/en\/restaurant-white-beach-golf\/#breadcrumb"},"inLanguage":"en-US","potentialAction":[{"@type":"ReadAction","target":["https:\/\/www.wbg.ee\/en\/restaurant-white-beach-golf\/"]}]},{"@type":"ImageObject","inLanguage":"en-US","@id":"https:\/\/www.wbg.ee\/en\/restaurant-white-beach-golf\/#primaryimage","url":"https:\/\/www.wbg.ee\/wp-content\/uploads\/2022\/02\/wbg-img7.jpg","contentUrl":"https:\/\/www.wbg.ee\/wp-content\/uploads\/2022\/02\/wbg-img7.jpg","width":1420,"height":420},{"@type":"BreadcrumbList","@id":"https:\/\/www.wbg.ee\/en\/restaurant-white-beach-golf\/#breadcrumb","itemListElement":[{"@type":"ListItem","position":1,"name":"Home","item":"https:\/\/www.wbg.ee\/en\/"},{"@type":"ListItem","position":2,"name":"Resto"}]},{"@type":"WebSite","@id":"https:\/\/www.wbg.ee\/#website","url":"https:\/\/www.wbg.ee\/","name":"White Beach Golf","description":"Parim tunne on olla m\u00e4ngus","publisher":{"@id":"https:\/\/www.wbg.ee\/#organization"},"potentialAction":[{"@type":"SearchAction","target":{"@type":"EntryPoint","urlTemplate":"https:\/\/www.wbg.ee\/?s={search_term_string}"},"query-input":{"@type":"PropertyValueSpecification","valueRequired":true,"valueName":"search_term_string"}}],"inLanguage":"en-US"},{"@type":"Organization","@id":"https:\/\/www.wbg.ee\/#organization","name":"White Beach Golf","url":"https:\/\/www.wbg.ee\/","logo":{"@type":"ImageObject","inLanguage":"en-US","@id":"https:\/\/www.wbg.ee\/#\/schema\/logo\/image\/","url":"https:\/\/www.wbg.ee\/wp-content\/uploads\/2022\/02\/logo.png","contentUrl":"https:\/\/www.wbg.ee\/wp-content\/uploads\/2022\/02\/logo.png","width":882,"height":154,"caption":"White Beach Golf"},"image":{"@id":"https:\/\/www.wbg.ee\/#\/schema\/logo\/image\/"}}]}},"uagb_featured_image_src":{"full":["https:\/\/www.wbg.ee\/wp-content\/uploads\/2022\/02\/wbg-img7.jpg",1420,420,false],"thumbnail":["https:\/\/www.wbg.ee\/wp-content\/uploads\/2022\/02\/wbg-img7-150x150.jpg",150,150,true],"medium":["https:\/\/www.wbg.ee\/wp-content\/uploads\/2022\/02\/wbg-img7-300x89.jpg",300,89,true],"medium_large":["https:\/\/www.wbg.ee\/wp-content\/uploads\/2022\/02\/wbg-img7-768x227.jpg",640,189,true],"large":["https:\/\/www.wbg.ee\/wp-content\/uploads\/2022\/02\/wbg-img7-1024x303.jpg",640,189,true],"1536x1536":["https:\/\/www.wbg.ee\/wp-content\/uploads\/2022\/02\/wbg-img7.jpg",1420,420,false],"2048x2048":["https:\/\/www.wbg.ee\/wp-content\/uploads\/2022\/02\/wbg-img7.jpg",1420,420,false],"gform-image-choice-sm":["https:\/\/www.wbg.ee\/wp-content\/uploads\/2022\/02\/wbg-img7.jpg",300,89,false],"gform-image-choice-md":["https:\/\/www.wbg.ee\/wp-content\/uploads\/2022\/02\/wbg-img7.jpg",400,118,false],"gform-image-choice-lg":["https:\/\/www.wbg.ee\/wp-content\/uploads\/2022\/02\/wbg-img7.jpg",600,177,false]},"uagb_author_info":{"display_name":"admin","author_link":"https:\/\/www.wbg.ee\/en\/author\/admin\/"},"uagb_comment_info":0,"uagb_excerpt":"The restaurant is now open Mon to Thu 11:00 &#8211; 16.00 and Fri to Sun 11:00 &#8211; 17:30 Resto Not just for golfers!Our kitchen brings a European flair to","_links":{"self":[{"href":"https:\/\/www.wbg.ee\/en\/wp-json\/wp\/v2\/pages\/89","targetHints":{"allow":["GET"]}}],"collection":[{"href":"https:\/\/www.wbg.ee\/en\/wp-json\/wp\/v2\/pages"}],"about":[{"href":"https:\/\/www.wbg.ee\/en\/wp-json\/wp\/v2\/types\/page"}],"author":[{"embeddable":true,"href":"https:\/\/www.wbg.ee\/en\/wp-json\/wp\/v2\/users\/1"}],"replies":[{"embeddable":true,"href":"https:\/\/www.wbg.ee\/en\/wp-json\/wp\/v2\/comments?post=89"}],"version-history":[{"count":10,"href":"https:\/\/www.wbg.ee\/en\/wp-json\/wp\/v2\/pages\/89\/revisions"}],"predecessor-version":[{"id":5916,"href":"https:\/\/www.wbg.ee\/en\/wp-json\/wp\/v2\/pages\/89\/revisions\/5916"}],"wp:featuredmedia":[{"embeddable":true,"href":"https:\/\/www.wbg.ee\/en\/wp-json\/wp\/v2\/media\/764"}],"wp:attachment":[{"href":"https:\/\/www.wbg.ee\/en\/wp-json\/wp\/v2\/media?parent=89"}],"curies":[{"name":"wp","href":"https:\/\/api.w.org\/{rel}","templated":true}]}}