{"id":75,"date":"2021-12-28T19:10:45","date_gmt":"2021-12-28T17:10:45","guid":{"rendered":"http:\/\/www.wbg.ee\/golf-club\/"},"modified":"2021-12-28T19:10:45","modified_gmt":"2021-12-28T17:10:45","slug":"golf-club","status":"publish","type":"page","link":"https:\/\/www.wbg.ee\/en\/golf-club\/","title":{"rendered":"Golf Club"},"content":{"rendered":"\n<p><\/p>\n\n\n\n<p><\/p>\n","protected":false},"excerpt":{"rendered":"","protected":false},"author":1,"featured_media":1515,"parent":0,"menu_order":31,"comment_status":"closed","ping_status":"closed","template":"page-sub-menu.php","meta":{"_acf_changed":false,"inline_featured_image":false,"_uag_custom_page_level_css":"","footnotes":""},"class_list":["post-75","page","type-page","status-publish","has-post-thumbnail","hentry"],"acf":[],"yoast_head":"<!-- This site is optimized with the Yoast SEO plugin v26.5 - https:\/\/yoast.com\/wordpress\/plugins\/seo\/ -->\n<title>Golf Club - White Beach Golf<\/title>\n<meta name=\"description\" content=\"White Beach Golf tervitab k\u00f5iki P\u00e4rnu lahe ilusaima ranna Valgeranna vahetus l\u00e4heduses! Meie juures leiab tegevust iga k\u00fclastaja, nii golfar kui lihtsalt m\u00f6\u00f6duja, sest lisaks 18-rajalisele golfiv\u00e4ljakule asub klubimajas ka restoran, mis pakub m\u00f5nusa k\u00f5hut\u00e4ie k\u00f5ikidele k\u00fclastajatele!\" \/>\n<meta name=\"robots\" content=\"index, follow, max-snippet:-1, max-image-preview:large, max-video-preview:-1\" \/>\n<link rel=\"canonical\" href=\"https:\/\/www.wbg.ee\/en\/golf-club\/\" \/>\n<meta property=\"og:locale\" content=\"en_US\" \/>\n<meta property=\"og:type\" content=\"article\" \/>\n<meta property=\"og:title\" content=\"Golf Club - White Beach Golf\" \/>\n<meta property=\"og:description\" content=\"White Beach Golf tervitab k\u00f5iki P\u00e4rnu lahe ilusaima ranna Valgeranna vahetus l\u00e4heduses! Meie juures leiab tegevust iga k\u00fclastaja, nii golfar kui lihtsalt m\u00f6\u00f6duja, sest lisaks 18-rajalisele golfiv\u00e4ljakule asub klubimajas ka restoran, mis pakub m\u00f5nusa k\u00f5hut\u00e4ie k\u00f5ikidele k\u00fclastajatele!\" \/>\n<meta property=\"og:url\" content=\"https:\/\/www.wbg.ee\/en\/golf-club\/\" \/>\n<meta property=\"og:site_name\" content=\"White Beach Golf\" \/>\n<meta name=\"twitter:card\" content=\"summary_large_image\" \/>\n<script type=\"application\/ld+json\" class=\"yoast-schema-graph\">{\"@context\":\"https:\/\/schema.org\",\"@graph\":[{\"@type\":\"WebPage\",\"@id\":\"https:\/\/www.wbg.ee\/en\/golf-club\/\",\"url\":\"https:\/\/www.wbg.ee\/en\/golf-club\/\",\"name\":\"Golf Club - White Beach Golf\",\"isPartOf\":{\"@id\":\"https:\/\/www.wbg.ee\/#website\"},\"primaryImageOfPage\":{\"@id\":\"https:\/\/www.wbg.ee\/en\/golf-club\/#primaryimage\"},\"image\":{\"@id\":\"https:\/\/www.wbg.ee\/en\/golf-club\/#primaryimage\"},\"thumbnailUrl\":\"https:\/\/www.wbg.ee\/wp-content\/uploads\/2022\/04\/golfiklubi-wbg-scaled2.jpg\",\"datePublished\":\"2021-12-28T17:10:45+00:00\",\"description\":\"White Beach Golf tervitab k\u00f5iki P\u00e4rnu lahe ilusaima ranna Valgeranna vahetus l\u00e4heduses! Meie juures leiab tegevust iga k\u00fclastaja, nii golfar kui lihtsalt m\u00f6\u00f6duja, sest lisaks 18-rajalisele golfiv\u00e4ljakule asub klubimajas ka restoran, mis pakub m\u00f5nusa k\u00f5hut\u00e4ie k\u00f5ikidele k\u00fclastajatele!\",\"breadcrumb\":{\"@id\":\"https:\/\/www.wbg.ee\/en\/golf-club\/#breadcrumb\"},\"inLanguage\":\"en-US\",\"potentialAction\":[{\"@type\":\"ReadAction\",\"target\":[\"https:\/\/www.wbg.ee\/en\/golf-club\/\"]}]},{\"@type\":\"ImageObject\",\"inLanguage\":\"en-US\",\"@id\":\"https:\/\/www.wbg.ee\/en\/golf-club\/#primaryimage\",\"url\":\"https:\/\/www.wbg.ee\/wp-content\/uploads\/2022\/04\/golfiklubi-wbg-scaled2.jpg\",\"contentUrl\":\"https:\/\/www.wbg.ee\/wp-content\/uploads\/2022\/04\/golfiklubi-wbg-scaled2.jpg\",\"width\":2560,\"height\":748},{\"@type\":\"BreadcrumbList\",\"@id\":\"https:\/\/www.wbg.ee\/en\/golf-club\/#breadcrumb\",\"itemListElement\":[{\"@type\":\"ListItem\",\"position\":1,\"name\":\"Home\",\"item\":\"https:\/\/www.wbg.ee\/en\/\"},{\"@type\":\"ListItem\",\"position\":2,\"name\":\"Golf Club\"}]},{\"@type\":\"WebSite\",\"@id\":\"https:\/\/www.wbg.ee\/#website\",\"url\":\"https:\/\/www.wbg.ee\/\",\"name\":\"White Beach Golf\",\"description\":\"Parim tunne on olla m\u00e4ngus\",\"publisher\":{\"@id\":\"https:\/\/www.wbg.ee\/#organization\"},\"potentialAction\":[{\"@type\":\"SearchAction\",\"target\":{\"@type\":\"EntryPoint\",\"urlTemplate\":\"https:\/\/www.wbg.ee\/?s={search_term_string}\"},\"query-input\":{\"@type\":\"PropertyValueSpecification\",\"valueRequired\":true,\"valueName\":\"search_term_string\"}}],\"inLanguage\":\"en-US\"},{\"@type\":\"Organization\",\"@id\":\"https:\/\/www.wbg.ee\/#organization\",\"name\":\"White Beach Golf\",\"url\":\"https:\/\/www.wbg.ee\/\",\"logo\":{\"@type\":\"ImageObject\",\"inLanguage\":\"en-US\",\"@id\":\"https:\/\/www.wbg.ee\/#\/schema\/logo\/image\/\",\"url\":\"https:\/\/www.wbg.ee\/wp-content\/uploads\/2022\/02\/logo.png\",\"contentUrl\":\"https:\/\/www.wbg.ee\/wp-content\/uploads\/2022\/02\/logo.png\",\"width\":882,\"height\":154,\"caption\":\"White Beach Golf\"},\"image\":{\"@id\":\"https:\/\/www.wbg.ee\/#\/schema\/logo\/image\/\"}}]}<\/script>\n<!-- \/ Yoast SEO plugin. -->","yoast_head_json":{"title":"Golf Club - White Beach Golf","description":"White Beach Golf tervitab k\u00f5iki P\u00e4rnu lahe ilusaima ranna Valgeranna vahetus l\u00e4heduses! Meie juures leiab tegevust iga k\u00fclastaja, nii golfar kui lihtsalt m\u00f6\u00f6duja, sest lisaks 18-rajalisele golfiv\u00e4ljakule asub klubimajas ka restoran, mis pakub m\u00f5nusa k\u00f5hut\u00e4ie k\u00f5ikidele k\u00fclastajatele!","robots":{"index":"index","follow":"follow","max-snippet":"max-snippet:-1","max-image-preview":"max-image-preview:large","max-video-preview":"max-video-preview:-1"},"canonical":"https:\/\/www.wbg.ee\/en\/golf-club\/","og_locale":"en_US","og_type":"article","og_title":"Golf Club - White Beach Golf","og_description":"White Beach Golf tervitab k\u00f5iki P\u00e4rnu lahe ilusaima ranna Valgeranna vahetus l\u00e4heduses! Meie juures leiab tegevust iga k\u00fclastaja, nii golfar kui lihtsalt m\u00f6\u00f6duja, sest lisaks 18-rajalisele golfiv\u00e4ljakule asub klubimajas ka restoran, mis pakub m\u00f5nusa k\u00f5hut\u00e4ie k\u00f5ikidele k\u00fclastajatele!","og_url":"https:\/\/www.wbg.ee\/en\/golf-club\/","og_site_name":"White Beach Golf","twitter_card":"summary_large_image","schema":{"@context":"https:\/\/schema.org","@graph":[{"@type":"WebPage","@id":"https:\/\/www.wbg.ee\/en\/golf-club\/","url":"https:\/\/www.wbg.ee\/en\/golf-club\/","name":"Golf Club - White Beach Golf","isPartOf":{"@id":"https:\/\/www.wbg.ee\/#website"},"primaryImageOfPage":{"@id":"https:\/\/www.wbg.ee\/en\/golf-club\/#primaryimage"},"image":{"@id":"https:\/\/www.wbg.ee\/en\/golf-club\/#primaryimage"},"thumbnailUrl":"https:\/\/www.wbg.ee\/wp-content\/uploads\/2022\/04\/golfiklubi-wbg-scaled2.jpg","datePublished":"2021-12-28T17:10:45+00:00","description":"White Beach Golf tervitab k\u00f5iki P\u00e4rnu lahe ilusaima ranna Valgeranna vahetus l\u00e4heduses! Meie juures leiab tegevust iga k\u00fclastaja, nii golfar kui lihtsalt m\u00f6\u00f6duja, sest lisaks 18-rajalisele golfiv\u00e4ljakule asub klubimajas ka restoran, mis pakub m\u00f5nusa k\u00f5hut\u00e4ie k\u00f5ikidele k\u00fclastajatele!","breadcrumb":{"@id":"https:\/\/www.wbg.ee\/en\/golf-club\/#breadcrumb"},"inLanguage":"en-US","potentialAction":[{"@type":"ReadAction","target":["https:\/\/www.wbg.ee\/en\/golf-club\/"]}]},{"@type":"ImageObject","inLanguage":"en-US","@id":"https:\/\/www.wbg.ee\/en\/golf-club\/#primaryimage","url":"https:\/\/www.wbg.ee\/wp-content\/uploads\/2022\/04\/golfiklubi-wbg-scaled2.jpg","contentUrl":"https:\/\/www.wbg.ee\/wp-content\/uploads\/2022\/04\/golfiklubi-wbg-scaled2.jpg","width":2560,"height":748},{"@type":"BreadcrumbList","@id":"https:\/\/www.wbg.ee\/en\/golf-club\/#breadcrumb","itemListElement":[{"@type":"ListItem","position":1,"name":"Home","item":"https:\/\/www.wbg.ee\/en\/"},{"@type":"ListItem","position":2,"name":"Golf Club"}]},{"@type":"WebSite","@id":"https:\/\/www.wbg.ee\/#website","url":"https:\/\/www.wbg.ee\/","name":"White Beach Golf","description":"Parim tunne on olla m\u00e4ngus","publisher":{"@id":"https:\/\/www.wbg.ee\/#organization"},"potentialAction":[{"@type":"SearchAction","target":{"@type":"EntryPoint","urlTemplate":"https:\/\/www.wbg.ee\/?s={search_term_string}"},"query-input":{"@type":"PropertyValueSpecification","valueRequired":true,"valueName":"search_term_string"}}],"inLanguage":"en-US"},{"@type":"Organization","@id":"https:\/\/www.wbg.ee\/#organization","name":"White Beach Golf","url":"https:\/\/www.wbg.ee\/","logo":{"@type":"ImageObject","inLanguage":"en-US","@id":"https:\/\/www.wbg.ee\/#\/schema\/logo\/image\/","url":"https:\/\/www.wbg.ee\/wp-content\/uploads\/2022\/02\/logo.png","contentUrl":"https:\/\/www.wbg.ee\/wp-content\/uploads\/2022\/02\/logo.png","width":882,"height":154,"caption":"White Beach Golf"},"image":{"@id":"https:\/\/www.wbg.ee\/#\/schema\/logo\/image\/"}}]}},"uagb_featured_image_src":{"full":["https:\/\/www.wbg.ee\/wp-content\/uploads\/2022\/04\/golfiklubi-wbg-scaled2.jpg",2560,748,false],"thumbnail":["https:\/\/www.wbg.ee\/wp-content\/uploads\/2022\/04\/golfiklubi-wbg-scaled2-150x150.jpg",150,150,true],"medium":["https:\/\/www.wbg.ee\/wp-content\/uploads\/2022\/04\/golfiklubi-wbg-scaled2-300x88.jpg",300,88,true],"medium_large":["https:\/\/www.wbg.ee\/wp-content\/uploads\/2022\/04\/golfiklubi-wbg-scaled2-768x224.jpg",640,187,true],"large":["https:\/\/www.wbg.ee\/wp-content\/uploads\/2022\/04\/golfiklubi-wbg-scaled2-1024x299.jpg",640,187,true],"1536x1536":["https:\/\/www.wbg.ee\/wp-content\/uploads\/2022\/04\/golfiklubi-wbg-scaled2-1536x449.jpg",1536,449,true],"2048x2048":["https:\/\/www.wbg.ee\/wp-content\/uploads\/2022\/04\/golfiklubi-wbg-scaled2-2048x598.jpg",2048,598,true],"gform-image-choice-sm":["https:\/\/www.wbg.ee\/wp-content\/uploads\/2022\/04\/golfiklubi-wbg-scaled2.jpg",300,88,false],"gform-image-choice-md":["https:\/\/www.wbg.ee\/wp-content\/uploads\/2022\/04\/golfiklubi-wbg-scaled2.jpg",400,117,false],"gform-image-choice-lg":["https:\/\/www.wbg.ee\/wp-content\/uploads\/2022\/04\/golfiklubi-wbg-scaled2.jpg",600,175,false]},"uagb_author_info":{"display_name":"admin","author_link":"https:\/\/www.wbg.ee\/en\/author\/admin\/"},"uagb_comment_info":0,"uagb_excerpt":null,"_links":{"self":[{"href":"https:\/\/www.wbg.ee\/en\/wp-json\/wp\/v2\/pages\/75","targetHints":{"allow":["GET"]}}],"collection":[{"href":"https:\/\/www.wbg.ee\/en\/wp-json\/wp\/v2\/pages"}],"about":[{"href":"https:\/\/www.wbg.ee\/en\/wp-json\/wp\/v2\/types\/page"}],"author":[{"embeddable":true,"href":"https:\/\/www.wbg.ee\/en\/wp-json\/wp\/v2\/users\/1"}],"replies":[{"embeddable":true,"href":"https:\/\/www.wbg.ee\/en\/wp-json\/wp\/v2\/comments?post=75"}],"version-history":[{"count":0,"href":"https:\/\/www.wbg.ee\/en\/wp-json\/wp\/v2\/pages\/75\/revisions"}],"wp:featuredmedia":[{"embeddable":true,"href":"https:\/\/www.wbg.ee\/en\/wp-json\/wp\/v2\/media\/1515"}],"wp:attachment":[{"href":"https:\/\/www.wbg.ee\/en\/wp-json\/wp\/v2\/media?parent=75"}],"curies":[{"name":"wp","href":"https:\/\/api.w.org\/{rel}","templated":true}]}}